{"id":1432,"date":"2023-12-20T04:27:51","date_gmt":"2023-12-20T04:27:51","guid":{"rendered":"https:\/\/daytrippers.ca\/?page_id=1432"},"modified":"2026-02-09T20:16:56","modified_gmt":"2026-02-09T20:16:56","slug":"criteria-and-timelines-fr","status":"publish","type":"page","link":"https:\/\/daytrippers.ca\/fr\/criteria-and-timelines-fr\/","title":{"rendered":"Criteria and Timelines FR"},"content":{"rendered":"\t\t<div data-elementor-type=\"wp-page\" data-elementor-id=\"1432\" class=\"elementor elementor-1432 elementor-404\">\n\t\t\t\t\t\t<section class=\"elementor-section elementor-top-section elementor-element elementor-element-79f59b5 elementor-section-stretched elementor-section-height-min-height elementor-section-boxed elementor-section-height-default elementor-section-items-middle\" data-id=\"79f59b5\" data-element_type=\"section\" data-e-type=\"section\" data-settings=\"{&quot;stretch_section&quot;:&quot;section-stretched&quot;,&quot;background_background&quot;:&quot;classic&quot;,&quot;shape_divider_bottom&quot;:&quot;wave-brush&quot;}\">\n\t\t\t\t\t\t\t<div class=\"elementor-background-overlay\"><\/div>\n\t\t\t\t\t\t<div class=\"elementor-shape elementor-shape-bottom\" aria-hidden=\"true\" data-negative=\"false\">\n\t\t\t<svg xmlns=\"http:\/\/www.w3.org\/2000\/svg\" viewBox=\"0 0 283.5 27.8\" preserveAspectRatio=\"none\">\n\t<path class=\"elementor-shape-fill\" d=\"M283.5,9.7c0,0-7.3,4.3-14,4.6c-6.8,0.3-12.6,0-20.9-1.5c-11.3-2-33.1-10.1-44.7-5.7\ts-12.1,4.6-18,7.4c-6.6,3.2-20,9.6-36.6,9.3C131.6,23.5,99.5,7.2,86.3,8c-1.4,0.1-6.6,0.8-10.5,2c-3.8,1.2-9.4,3.8-17,4.7\tc-3.2,0.4-8.3,1.1-14.2,0.9c-1.5-0.1-6.3-0.4-12-1.6c-5.7-1.2-11-3.1-15.8-3.7C6.5,9.2,0,10.8,0,10.8V0h283.5V9.7z M260.8,11.3\tc-0.7-1-2-0.4-4.3-0.4c-2.3,0-6.1-1.2-5.8-1.1c0.3,0.1,3.1,1.5,6,1.9C259.7,12.2,261.4,12.3,260.8,11.3z M242.4,8.6\tc0,0-2.4-0.2-5.6-0.9c-3.2-0.8-10.3-2.8-15.1-3.5c-8.2-1.1-15.8,0-15.1,0.1c0.8,0.1,9.6-0.6,17.6,1.1c3.3,0.7,9.3,2.2,12.4,2.7\tC239.9,8.7,242.4,8.6,242.4,8.6z M185.2,8.5c1.7-0.7-13.3,4.7-18.5,6.1c-2.1,0.6-6.2,1.6-10,2c-3.9,0.4-8.9,0.4-8.8,0.5\tc0,0.2,5.8,0.8,11.2,0c5.4-0.8,5.2-1.1,7.6-1.6C170.5,14.7,183.5,9.2,185.2,8.5z M199.1,6.9c0.2,0-0.8-0.4-4.8,1.1\tc-4,1.5-6.7,3.5-6.9,3.7c-0.2,0.1,3.5-1.8,6.6-3C197,7.5,199,6.9,199.1,6.9z M283,6c-0.1,0.1-1.9,1.1-4.8,2.5s-6.9,2.8-6.7,2.7\tc0.2,0,3.5-0.6,7.4-2.5C282.8,6.8,283.1,5.9,283,6z M31.3,11.6c0.1-0.2-1.9-0.2-4.5-1.2s-5.4-1.6-7.8-2C15,7.6,7.3,8.5,7.7,8.6\tC8,8.7,15.9,8.3,20.2,9.3c2.2,0.5,2.4,0.5,5.7,1.6S31.2,11.9,31.3,11.6z M73,9.2c0.4-0.1,3.5-1.6,8.4-2.6c4.9-1.1,8.9-0.5,8.9-0.8\tc0-0.3-1-0.9-6.2-0.3S72.6,9.3,73,9.2z M71.6,6.7C71.8,6.8,75,5.4,77.3,5c2.3-0.3,1.9-0.5,1.9-0.6c0-0.1-1.1-0.2-2.7,0.2\tC74.8,5.1,71.4,6.6,71.6,6.7z M93.6,4.4c0.1,0.2,3.5,0.8,5.6,1.8c2.1,1,1.8,0.6,1.9,0.5c0.1-0.1-0.8-0.8-2.4-1.3\tC97.1,4.8,93.5,4.2,93.6,4.4z M65.4,11.1c-0.1,0.3,0.3,0.5,1.9-0.2s2.6-1.3,2.2-1.2s-0.9,0.4-2.5,0.8C65.3,10.9,65.5,10.8,65.4,11.1\tz M34.5,12.4c-0.2,0,2.1,0.8,3.3,0.9c1.2,0.1,2,0.1,2-0.2c0-0.3-0.1-0.5-1.6-0.4C36.6,12.8,34.7,12.4,34.5,12.4z M152.2,21.1\tc-0.1,0.1-2.4-0.3-7.5-0.3c-5,0-13.6-2.4-17.2-3.5c-3.6-1.1,10,3.9,16.5,4.1C150.5,21.6,152.3,21,152.2,21.1z\"\/>\n\t<path class=\"elementor-shape-fill\" d=\"M269.6,18c-0.1-0.1-4.6,0.3-7.2,0c-7.3-0.7-17-3.2-16.6-2.9c0.4,0.3,13.7,3.1,17,3.3\tC267.7,18.8,269.7,18,269.6,18z\"\/>\n\t<path class=\"elementor-shape-fill\" d=\"M227.4,9.8c-0.2-0.1-4.5-1-9.5-1.2c-5-0.2-12.7,0.6-12.3,0.5c0.3-0.1,5.9-1.8,13.3-1.2\tS227.6,9.9,227.4,9.8z\"\/>\n\t<path class=\"elementor-shape-fill\" d=\"M204.5,13.4c-0.1-0.1,2-1,3.2-1.1c1.2-0.1,2,0,2,0.3c0,0.3-0.1,0.5-1.6,0.4\tC206.4,12.9,204.6,13.5,204.5,13.4z\"\/>\n\t<path class=\"elementor-shape-fill\" d=\"M201,10.6c0-0.1-4.4,1.2-6.3,2.2c-1.9,0.9-6.2,3.1-6.1,3.1c0.1,0.1,4.2-1.6,6.3-2.6\tS201,10.7,201,10.6z\"\/>\n\t<path class=\"elementor-shape-fill\" d=\"M154.5,26.7c-0.1-0.1-4.6,0.3-7.2,0c-7.3-0.7-17-3.2-16.6-2.9c0.4,0.3,13.7,3.1,17,3.3\tC152.6,27.5,154.6,26.8,154.5,26.7z\"\/>\n\t<path class=\"elementor-shape-fill\" d=\"M41.9,19.3c0,0,1.2-0.3,2.9-0.1c1.7,0.2,5.8,0.9,8.2,0.7c4.2-0.4,7.4-2.7,7-2.6\tc-0.4,0-4.3,2.2-8.6,1.9c-1.8-0.1-5.1-0.5-6.7-0.4S41.9,19.3,41.9,19.3z\"\/>\n\t<path class=\"elementor-shape-fill\" d=\"M75.5,12.6c0.2,0.1,2-0.8,4.3-1.1c2.3-0.2,2.1-0.3,2.1-0.5c0-0.1-1.8-0.4-3.4,0\tC76.9,11.5,75.3,12.5,75.5,12.6z\"\/>\n\t<path class=\"elementor-shape-fill\" d=\"M15.6,13.2c0-0.1,4.3,0,6.7,0.5c2.4,0.5,5,1.9,5,2c0,0.1-2.7-0.8-5.1-1.4\tC19.9,13.7,15.7,13.3,15.6,13.2z\"\/>\n<\/svg>\t\t<\/div>\n\t\t\t\t\t<div class=\"elementor-container elementor-column-gap-default\">\n\t\t\t\t\t<div class=\"elementor-column elementor-col-100 elementor-top-column elementor-element elementor-element-8af60dd\" data-id=\"8af60dd\" data-element_type=\"column\" data-e-type=\"column\" data-settings=\"{&quot;background_background&quot;:&quot;classic&quot;}\">\n\t\t\t<div class=\"elementor-widget-wrap\">\n\t\t\t\t\t\t\t<\/div>\n\t\t<\/div>\n\t\t\t\t\t<\/div>\n\t\t<\/section>\n\t\t\t\t<section class=\"elementor-section elementor-top-section elementor-element elementor-element-c082fd0 elementor-section-boxed elementor-section-height-default elementor-section-height-default\" data-id=\"c082fd0\" data-element_type=\"section\" data-e-type=\"section\">\n\t\t\t\t\t\t<div class=\"elementor-container elementor-column-gap-default\">\n\t\t\t\t\t<div class=\"elementor-column elementor-col-100 elementor-top-column elementor-element elementor-element-7e359a1\" data-id=\"7e359a1\" data-element_type=\"column\" data-e-type=\"column\">\n\t\t\t<div class=\"elementor-widget-wrap elementor-element-populated\">\n\t\t\t\t\t\t<div class=\"elementor-element elementor-element-7585479 tx-hd-align-center elementor-widget elementor-widget-avas-heading\" data-id=\"7585479\" data-element_type=\"widget\" data-e-type=\"widget\" data-widget_type=\"avas-heading.default\">\n\t\t\t\t<div class=\"elementor-widget-container\">\n\t\t\t\t\t        <div class=\"tx-hd-wrap\">\n\n            <div class=\"tx-hd-wm\"><\/div>\n\n            \n            <div class=\"tx-hd-sub\"><\/div>\n                        <h2 class=\"tx-hd-title\">\n                <span class=\"tx-hd-first-part\">CRIT\u00c8RES &amp; D\u00c9LAIS<\/span>\n                <span class=\"tx-hd-last-part\"><\/span>\n            <\/h2>    \n            \n            <div class=\"tx-hd-desc\"><\/div>\n\n\n                   \n        <\/div><!-- tx-hd-wrap -->\n\n\n\n\n\n\n\n\n\t\t\t\t<\/div>\n\t\t\t\t<\/div>\n\t\t\t\t<div class=\"elementor-element elementor-element-95cb833 elementor-widget elementor-widget-heading\" data-id=\"95cb833\" data-element_type=\"widget\" data-e-type=\"widget\" data-widget_type=\"heading.default\">\n\t\t\t\t<div class=\"elementor-widget-container\">\n\t\t\t\t\t<h2 class=\"elementor-heading-title elementor-size-default\">Application des crit\u00e8res<\/h2>\t\t\t\t<\/div>\n\t\t\t\t<\/div>\n\t\t\t\t<div class=\"elementor-element elementor-element-ccef4a5 elementor-widget elementor-widget-text-editor\" data-id=\"ccef4a5\" data-element_type=\"widget\" data-e-type=\"widget\" data-widget_type=\"text-editor.default\">\n\t\t\t\t<div class=\"elementor-widget-container\">\n\t\t\t\t\t\t\t\t\t<p>\u00a0<\/p><center><\/center><p>\u00a0<\/p><p><span style=\"font-weight: 400;\">Daytrippers est fier de soutenir les enseignants et les \u00e9l\u00e8ves partout au Canada en contribuant \u00e0 lever les obstacles financiers qui limitent l\u2019acc\u00e8s \u00e0 <\/span><b>des exp\u00e9riences d\u2019apprentissage enrichissantes et align\u00e9es sur les programmes scolaires<\/b><span style=\"font-weight: 400;\">.<\/span><\/p><p><span style=\"font-weight: 400;\">Nos crit\u00e8res de s\u00e9lection des sorties \u00e9ducatives ont \u00e9t\u00e9 con\u00e7us afin de maintenir un processus de candidature <\/span><b>clair<\/b> <b>et accessible<\/b><span style=\"font-weight: 400;\">, tout en nous permettant de soutenir le plus grand nombre d\u2019\u00e9l\u00e8ves possible<\/span>:<\/p><ol><li><b>Les demandes doivent concerner une \u00e9cole publique canadienne.<\/b><\/li><li><b>Les classes doivent \u00eatre de la 1re \u00e0 la 6e ann\u00e9e du primaire. <\/b><span style=\"font-weight: 400;\"><br \/><\/span><i><span style=\"font-weight: 400;\">Veuillez noter que nous n\u2019acceptons actuellement pas les demandes pour les classes de maternelle.<\/span><\/i><\/li><li><b>La majorit\u00e9 des demandes approuv\u00e9es se situent entre 12 $ et 15 $ par \u00e9l\u00e8ve, <\/b><span style=\"font-weight: 400;\">avec quelques exceptions<\/span> <span style=\"font-weight: 400;\">limit\u00e9es <\/span><b>pour des exp\u00e9riences d\u2019apprentissage \u00e0 forte valeur ajout\u00e9e.<\/b><\/li><li><b>Les \u00e9coles doivent d\u00e9montrer clairement un besoin d\u2019assistance financi\u00e8re.<\/b><\/li><li><b>Les sorties doivent \u00eatre align\u00e9es sur les objectifs d\u2019apprentissage des programmes provinciaux. <\/b><span style=\"font-weight: 400;\">Si des pr\u00e9cisions sont requises, un membre de notre \u00e9quipe pourra effectuer un suivi. <\/span><i><span style=\"font-weight: 400;\">Les sorties de remise de dipl\u00f4mes ou de c\u00e9l\u00e9bration ne sont pas admissibles.<\/span><\/i><\/li><li><b>Toutes les demandes de remboursement doivent \u00eatre exprim\u00e9es en devise canadienne (CAD).<\/b><\/li><li><b>Toutes les demandes sont \u00e9valu\u00e9es individuellement<\/b><span style=\"font-weight: 400;\">, sur la base des crit\u00e8res \u00e9nonc\u00e9s ci-dessus.<\/span><\/li><\/ol><p><strong><em><i>Veuillez Noter:<\/i><\/em><span style=\"font-weight: 400;\"> Les remboursements sont vers\u00e9s directement \u00e0 l\u2019\u00e9tablissement scolaire. Daytrippers n\u2019est pas en mesure d\u2019effectuer des remboursements \u00e0 des comptes personnels. Si un enseignant ou un demandeur assume personnellement les frais d\u2019une sortie, l\u2019\u00e9tablissement scolaire est responsable de le rembourser \u00e0 l\u2019interne avant ou au moment de la r\u00e9ception des fonds de Daytrippers.<\/span><\/strong><\/p><p><span style=\"font-weight: 400;\">Lors de la soumission de votre demande, veuillez vous assurer que <\/span><b>vos coordonn\u00e9es sont exactes<\/b><span style=\"font-weight: 400;\">. <\/span><b>Aucune redistribution des remboursements n\u2019est possible apr\u00e8s leur \u00e9mission.<\/b>\u00a0<\/p>\t\t\t\t\t\t\t\t<\/div>\n\t\t\t\t<\/div>\n\t\t\t\t\t<\/div>\n\t\t<\/div>\n\t\t\t\t\t<\/div>\n\t\t<\/section>\n\t\t\t\t<section class=\"elementor-section elementor-top-section elementor-element elementor-element-e1de732 elementor-section-boxed elementor-section-height-default elementor-section-height-default\" data-id=\"e1de732\" data-element_type=\"section\" data-e-type=\"section\">\n\t\t\t\t\t\t<div class=\"elementor-container elementor-column-gap-default\">\n\t\t\t\t\t<div class=\"elementor-column elementor-col-100 elementor-top-column elementor-element elementor-element-c31398f\" data-id=\"c31398f\" data-element_type=\"column\" data-e-type=\"column\">\n\t\t\t<div class=\"elementor-widget-wrap elementor-element-populated\">\n\t\t\t\t\t\t<div class=\"elementor-element elementor-element-553538e elementor-widget elementor-widget-heading\" data-id=\"553538e\" data-element_type=\"widget\" data-e-type=\"widget\" data-widget_type=\"heading.default\">\n\t\t\t\t<div class=\"elementor-widget-container\">\n\t\t\t\t\t<h2 class=\"elementor-heading-title elementor-size-default\">D\u00e9lais des demandes<\/h2>\t\t\t\t<\/div>\n\t\t\t\t<\/div>\n\t\t\t\t<div class=\"elementor-element elementor-element-9d72581 elementor-widget elementor-widget-text-editor\" data-id=\"9d72581\" data-element_type=\"widget\" data-e-type=\"widget\" data-widget_type=\"text-editor.default\">\n\t\t\t\t<div class=\"elementor-widget-container\">\n\t\t\t\t\t\t\t\t\t<div><center><\/center><p style=\"text-align: center;\"><strong>Calendrier des Envois de Remboursements 2025-2026<\/strong><\/p><center><strong>\u00a0<\/strong><\/center><\/div><div><p style=\"text-align: center;\">4 Septembre 2025<br \/>9 Octobre 2025<br \/>6 Novembre 2025<br \/>4 D\u00e9cembre 2025<br \/>9 Janvier 2026<br \/>6 F\u00e9vrier 2026<br \/>5 Mars 2026<br \/>9 Avril 2026<br \/>7 Mai 2026<br \/>4 Juin 2026<\/p><\/div>\t\t\t\t\t\t\t\t<\/div>\n\t\t\t\t<\/div>\n\t\t\t\t<div class=\"elementor-element elementor-element-4175b86 elementor-widget elementor-widget-text-editor\" data-id=\"4175b86\" data-element_type=\"widget\" data-e-type=\"widget\" data-widget_type=\"text-editor.default\">\n\t\t\t\t<div class=\"elementor-widget-container\">\n\t\t\t\t\t\t\t\t\t<p><span style=\"font-weight: 400;\">Veuillez pr\u00e9voir plusieurs semaines afin de tenir compte des d\u00e9lais potentiels du service postal avant de nous contacter au sujet du statut de votre remboursement. Nos bo\u00eetes courriel sont g\u00e9r\u00e9es par des b\u00e9n\u00e9voles, et le volume \u00e9lev\u00e9 de demandes peut entra\u00eener des d\u00e9lais de r\u00e9ponse.<\/span><\/p>\t\t\t\t\t\t\t\t<\/div>\n\t\t\t\t<\/div>\n\t\t\t\t\t<\/div>\n\t\t<\/div>\n\t\t\t\t\t<\/div>\n\t\t<\/section>\n\t\t\t\t<section class=\"elementor-section elementor-top-section elementor-element elementor-element-e210c65 elementor-section-boxed elementor-section-height-default elementor-section-height-default\" data-id=\"e210c65\" data-element_type=\"section\" data-e-type=\"section\">\n\t\t\t\t\t\t<div class=\"elementor-container elementor-column-gap-default\">\n\t\t\t\t\t<div class=\"elementor-column elementor-col-33 elementor-top-column elementor-element elementor-element-1037a90\" data-id=\"1037a90\" data-element_type=\"column\" data-e-type=\"column\">\n\t\t\t<div class=\"elementor-widget-wrap elementor-element-populated\">\n\t\t\t\t\t\t<div class=\"elementor-element elementor-element-bc82e29 elementor-position-top elementor-widget elementor-widget-image-box\" data-id=\"bc82e29\" data-element_type=\"widget\" data-e-type=\"widget\" data-widget_type=\"image-box.default\">\n\t\t\t\t<div class=\"elementor-widget-container\">\n\t\t\t\t\t<div class=\"elementor-image-box-wrapper\"><figure class=\"elementor-image-box-img\"><img decoding=\"async\" width=\"200\" height=\"200\" src=\"https:\/\/daytrippers.ca\/wp-content\/uploads\/2023\/12\/daytrippersImage113-e1506353209551.png\" class=\"attachment-full size-full wp-image-406\" alt=\"\" srcset=\"https:\/\/daytrippers.ca\/wp-content\/uploads\/2023\/12\/daytrippersImage113-e1506353209551.png 200w, https:\/\/daytrippers.ca\/wp-content\/uploads\/2023\/12\/daytrippersImage113-e1506353209551-150x150.png 150w, https:\/\/daytrippers.ca\/wp-content\/uploads\/2023\/12\/daytrippersImage113-e1506353209551-80x80.png 80w\" sizes=\"(max-width: 200px) 100vw, 200px\" \/><\/figure><div class=\"elementor-image-box-content\"><h3 class=\"elementor-image-box-title\">FAQs<\/h3><p class=\"elementor-image-box-description\">Avant de soumettre une demande, veuillez consulter notre Foire Aux Questions. Cela garantira que votre demande soit examin\u00e9e le plus rapidement possible!<\/p><\/div><\/div>\t\t\t\t<\/div>\n\t\t\t\t<\/div>\n\t\t\t\t<div class=\"elementor-element elementor-element-43e2edd elementor-align-center elementor-widget elementor-widget-button\" data-id=\"43e2edd\" data-element_type=\"widget\" data-e-type=\"widget\" data-widget_type=\"button.default\">\n\t\t\t\t<div class=\"elementor-widget-container\">\n\t\t\t\t\t\t\t\t\t<div class=\"elementor-button-wrapper\">\n\t\t\t\t\t<a class=\"elementor-button elementor-button-link elementor-size-md\" href=\"https:\/\/daytrippers.ca\/faqs\/\">\n\t\t\t\t\t\t<span class=\"elementor-button-content-wrapper\">\n\t\t\t\t\t\t\t\t\t<span class=\"elementor-button-text\">En savoir plus<\/span>\n\t\t\t\t\t<\/span>\n\t\t\t\t\t<\/a>\n\t\t\t\t<\/div>\n\t\t\t\t\t\t\t\t<\/div>\n\t\t\t\t<\/div>\n\t\t\t\t\t<\/div>\n\t\t<\/div>\n\t\t\t\t<div class=\"elementor-column elementor-col-33 elementor-top-column elementor-element elementor-element-427f517\" data-id=\"427f517\" data-element_type=\"column\" data-e-type=\"column\">\n\t\t\t<div class=\"elementor-widget-wrap elementor-element-populated\">\n\t\t\t\t\t\t<div class=\"elementor-element elementor-element-a31f994 elementor-position-top elementor-widget elementor-widget-image-box\" data-id=\"a31f994\" data-element_type=\"widget\" data-e-type=\"widget\" data-widget_type=\"image-box.default\">\n\t\t\t\t<div class=\"elementor-widget-container\">\n\t\t\t\t\t<div class=\"elementor-image-box-wrapper\"><figure class=\"elementor-image-box-img\"><img decoding=\"async\" width=\"200\" height=\"200\" src=\"https:\/\/daytrippers.ca\/wp-content\/uploads\/2023\/12\/daytrippersImage114-e1506353226915.png\" class=\"attachment-full size-full wp-image-407\" alt=\"\" srcset=\"https:\/\/daytrippers.ca\/wp-content\/uploads\/2023\/12\/daytrippersImage114-e1506353226915.png 200w, https:\/\/daytrippers.ca\/wp-content\/uploads\/2023\/12\/daytrippersImage114-e1506353226915-150x150.png 150w, https:\/\/daytrippers.ca\/wp-content\/uploads\/2023\/12\/daytrippersImage114-e1506353226915-80x80.png 80w\" sizes=\"(max-width: 200px) 100vw, 200px\" \/><\/figure><div class=\"elementor-image-box-content\"><h3 class=\"elementor-image-box-title\">Commencer une Demande<\/h3><p class=\"elementor-image-box-description\">Une fois que vous avez pris connaissance des dates et de la FAQ, vous pouvez soumettre votre demande \u00e0 Daytrippers ! Nous l'examinerons conform\u00e9ment \u00e0 nos crit\u00e8res \u00e9tablis.<\/p><\/div><\/div>\t\t\t\t<\/div>\n\t\t\t\t<\/div>\n\t\t\t\t<div class=\"elementor-element elementor-element-81b0e6c elementor-align-center elementor-widget elementor-widget-button\" data-id=\"81b0e6c\" data-element_type=\"widget\" data-e-type=\"widget\" data-widget_type=\"button.default\">\n\t\t\t\t<div class=\"elementor-widget-container\">\n\t\t\t\t\t\t\t\t\t<div class=\"elementor-button-wrapper\">\n\t\t\t\t\t<a class=\"elementor-button elementor-button-link elementor-size-md\" href=\"https:\/\/portal.daytrippers.ca\/\">\n\t\t\t\t\t\t<span class=\"elementor-button-content-wrapper\">\n\t\t\t\t\t\t\t\t\t<span class=\"elementor-button-text\">Faire une demande<\/span>\n\t\t\t\t\t<\/span>\n\t\t\t\t\t<\/a>\n\t\t\t\t<\/div>\n\t\t\t\t\t\t\t\t<\/div>\n\t\t\t\t<\/div>\n\t\t\t\t\t<\/div>\n\t\t<\/div>\n\t\t\t\t<div class=\"elementor-column elementor-col-33 elementor-top-column elementor-element elementor-element-f416f5a\" data-id=\"f416f5a\" data-element_type=\"column\" data-e-type=\"column\">\n\t\t\t<div class=\"elementor-widget-wrap elementor-element-populated\">\n\t\t\t\t\t\t<div class=\"elementor-element elementor-element-2a4852b elementor-position-top elementor-widget elementor-widget-image-box\" data-id=\"2a4852b\" data-element_type=\"widget\" data-e-type=\"widget\" data-widget_type=\"image-box.default\">\n\t\t\t\t<div class=\"elementor-widget-container\">\n\t\t\t\t\t<div class=\"elementor-image-box-wrapper\"><figure class=\"elementor-image-box-img\"><img decoding=\"async\" width=\"200\" height=\"200\" src=\"https:\/\/daytrippers.ca\/wp-content\/uploads\/2023\/12\/daytrippersImage112-e1506353193908.png\" class=\"attachment-full size-full wp-image-408\" alt=\"\" srcset=\"https:\/\/daytrippers.ca\/wp-content\/uploads\/2023\/12\/daytrippersImage112-e1506353193908.png 200w, https:\/\/daytrippers.ca\/wp-content\/uploads\/2023\/12\/daytrippersImage112-e1506353193908-150x150.png 150w, https:\/\/daytrippers.ca\/wp-content\/uploads\/2023\/12\/daytrippersImage112-e1506353193908-80x80.png 80w\" sizes=\"(max-width: 200px) 100vw, 200px\" \/><\/figure><div class=\"elementor-image-box-content\"><h3 class=\"elementor-image-box-title\">Des Questions?<\/h3><p class=\"elementor-image-box-description\">Nous serions ravis de vous aider si vous avez des questions suppl\u00e9mentaires ou si vous avez besoin d\u2019aide pour votre demande. \n<b>VOUS DEVEZ INCLURE VOTRE IDENTIFICATION DE SORTIE DANS TOUT COURRIEL DE DEMANDE D\u2019INFORMATION.<\/b> Veuillez consulter notre FAQ avant d\u2019envoyer une demande.<\/p><\/div><\/div>\t\t\t\t<\/div>\n\t\t\t\t<\/div>\n\t\t\t\t<div class=\"elementor-element elementor-element-34bf6fd elementor-align-center elementor-widget elementor-widget-button\" data-id=\"34bf6fd\" data-element_type=\"widget\" data-e-type=\"widget\" data-widget_type=\"button.default\">\n\t\t\t\t<div class=\"elementor-widget-container\">\n\t\t\t\t\t\t\t\t\t<div class=\"elementor-button-wrapper\">\n\t\t\t\t\t<a class=\"elementor-button elementor-button-link elementor-size-md\" href=\"https:\/\/daytrippers.ca\/contact-us-form\/\">\n\t\t\t\t\t\t<span class=\"elementor-button-content-wrapper\">\n\t\t\t\t\t\t\t\t\t<span class=\"elementor-button-text\">Nous contacter<\/span>\n\t\t\t\t\t<\/span>\n\t\t\t\t\t<\/a>\n\t\t\t\t<\/div>\n\t\t\t\t\t\t\t\t<\/div>\n\t\t\t\t<\/div>\n\t\t\t\t\t<\/div>\n\t\t<\/div>\n\t\t\t\t\t<\/div>\n\t\t<\/section>\n\t\t\t\t<\/div>\n\t\t","protected":false},"excerpt":{"rendered":"<p class=\"tx-excerpt\">CRIT\u00c8RES &amp; D\u00c9LAIS Application des crit\u00e8res \u00a0 \u00a0 Daytrippers est fier de soutenir les enseignants et les \u00e9l\u00e8ves partout au Canada en contribuant \u00e0 lever les obstacles financiers qui limitent l\u2019acc\u00e8s \u00e0 des","protected":false},"author":5,"featured_media":0,"parent":0,"menu_order":0,"comment_status":"closed","ping_status":"closed","template":"templates\/blank.php","meta":{"_coblocks_attr":"","_coblocks_dimensions":"","_coblocks_responsive_height":"","_coblocks_accordion_ie_support":"","footnotes":""},"class_list":["post-1432","page","type-page","status-publish","hentry"],"_links":{"self":[{"href":"https:\/\/daytrippers.ca\/fr\/wp-json\/wp\/v2\/pages\/1432","targetHints":{"allow":["GET"]}}],"collection":[{"href":"https:\/\/daytrippers.ca\/fr\/wp-json\/wp\/v2\/pages"}],"about":[{"href":"https:\/\/daytrippers.ca\/fr\/wp-json\/wp\/v2\/types\/page"}],"author":[{"embeddable":true,"href":"https:\/\/daytrippers.ca\/fr\/wp-json\/wp\/v2\/users\/5"}],"replies":[{"embeddable":true,"href":"https:\/\/daytrippers.ca\/fr\/wp-json\/wp\/v2\/comments?post=1432"}],"version-history":[{"count":12,"href":"https:\/\/daytrippers.ca\/fr\/wp-json\/wp\/v2\/pages\/1432\/revisions"}],"predecessor-version":[{"id":1943,"href":"https:\/\/daytrippers.ca\/fr\/wp-json\/wp\/v2\/pages\/1432\/revisions\/1943"}],"wp:attachment":[{"href":"https:\/\/daytrippers.ca\/fr\/wp-json\/wp\/v2\/media?parent=1432"}],"curies":[{"name":"wp","href":"https:\/\/api.w.org\/{rel}","templated":true}]}}